{"id":176,"date":"2024-03-18T22:58:12","date_gmt":"2024-03-18T22:58:12","guid":{"rendered":"https:\/\/foroprogresotenerife.org\/?page_id=176"},"modified":"2024-03-19T09:06:04","modified_gmt":"2024-03-19T09:06:04","slug":"fomentar-la-innovacion-y-la-atraccion-del-mejor-capital-humano-y-el-papel-de-las-universidades-como-centros-de-investigacion-y-transferencia-de-conocimiento","status":"publish","type":"page","link":"https:\/\/foroprogresotenerife.org\/index.php\/fomentar-la-innovacion-y-la-atraccion-del-mejor-capital-humano-y-el-papel-de-las-universidades-como-centros-de-investigacion-y-transferencia-de-conocimiento\/","title":{"rendered":"Fomentar la innovaci\u00f3n y la atracci\u00f3n del mejor capital humano y el papel de las Universidades como centros de investigaci\u00f3n y transferencia de conocimiento"},"content":{"rendered":"\n<figure class=\"wp-block-pullquote has-text-align-left\"><blockquote><p>Una isla que se desarrolla con tantas barreras de entrada y obst\u00e1culos naturales necesita de una mayor dosis de innovaci\u00f3n vinculada al emprendimiento y a la diversificaci\u00f3n econ\u00f3mica. La promoci\u00f3n de la cultura de la innovaci\u00f3n debe ser una parte importante de la actividad del Foro potenciando un caldo de cultivo propicio para la libertad de empresa y la competitividad de la econom\u00eda de la isla. Atracci\u00f3n de talento: a la isla viene un enorme caudal de personas que buscan unas condiciones de vida envidiables. Ese proceso debe primar la necesaria incorporaci\u00f3n del mejor capital humano que se adapte a nuestras necesidades o al desarrollo de nuevos sectores econ\u00f3micos. Rol de las Universidades en la isla: un cambio claro en este siglo tiene que ver con el papel de la educaci\u00f3n y la certificaci\u00f3n de las habilidades, y eso requiere de una transformaci\u00f3n constante de los principales centros educativos de la isla. Las Universidades deben potenciar adem\u00e1s su rol como principales centros de investigaci\u00f3n buscando mayores sinergias con los sectores emergentes y en particular a trav\u00e9s del Parque Tecnol\u00f3gico de Tenerife<\/p><\/blockquote><\/figure>\n\n\n\n<figure class=\"wp-block-table is-style-stripes\"><table><thead><tr><th class=\"has-text-align-left\" data-align=\"left\"><\/th><th><\/th><\/tr><\/thead><tbody><tr><td class=\"has-text-align-left\" data-align=\"left\"><strong>Algunos datos que sirven para identificar el problema<\/strong><\/td><td>La ausencia de capital humano es uno de los principales h\u00e1ndicaps para la implantaci\u00f3n y desarrollo de empresas innovadoras. El teletrabajo y los n\u00f3madas digitales, en crecimiento, pueden ayudar a resolver parcialmente este h\u00e1ndicap<br>El nivel de intensidad en estudios y capacidades STEAM no es suficiente ni en noveles medios ni en estudios superiores. El nivel de la FP integrada es alto pero con retos importantes en la FP dual<br>Avances en la calidad del ecosistema innovador pero escasa capacidad de retenci\u00f3n de talento<br>Ventajas en el sistema fiscal canario<sup data-fn=\"472e7c4d-579e-4dae-b9d5-c6e2bb5e2a42\" class=\"fn\"><a href=\"#472e7c4d-579e-4dae-b9d5-c6e2bb5e2a42\" id=\"472e7c4d-579e-4dae-b9d5-c6e2bb5e2a42-link\">1<\/a><\/sup><\/td><\/tr><tr><td class=\"has-text-align-left\" data-align=\"left\"><strong>Referencias bibliogr\u00e1ficas o documentales<\/strong><\/td><td><a href=\"https:\/\/www.redpoliticasidi.es\/system\/files\/repositorio-archivos\/2020_Evaluacion-RIS3_Informe-final-VF1_Canarias.pdf\" target=\"_blank\" rel=\"noreferrer noopener\">https:\/\/www.redpoliticasidi.es\/system\/files\/repositorio-archivos\/2020_Evaluacion-RIS3_Informe-final-VF1_Canarias.pdf<\/a><br><a href=\"https:\/\/www.redcide.es\/\" target=\"_blank\" rel=\"noreferrer noopener\">https:\/\/www.redcide.es\/<\/a><br><a href=\"https:\/\/www.ontsi.es\/es\/publicaciones?page=1\" target=\"_blank\" rel=\"noreferrer noopener\">https:\/\/www.ontsi.es\/es\/publicaciones?page=1<\/a><br><a href=\"https:\/\/content.gnoss.ws\/cotec\/doclinks\/b4\/b4e1\/b4e13fd1-33f8-33ca-cdf0-f5c971068297\/resumenmapadeltalento2021_3fcc814e-a6c9-55e7-89eb-f5fc8e798cd7.pdf\" target=\"_blank\" rel=\"noreferrer noopener\">https:\/\/content.gnoss.ws\/cotec\/doclinks\/b4\/b4e1\/b4e13fd1-33f8-33ca-cdf0-f5c971068297\/resumenmapadeltalento2021_3fcc814e-a6c9-55e7-89eb-f5fc8e798cd7.pdf<\/a><br><a href=\"https:\/\/cotec.es\/proyectos-cpt\/mapa-de-empleo-tecnologico-de-espana\/\" target=\"_blank\" rel=\"noreferrer noopener\">https:\/\/cotec.es\/proyectos-cpt\/mapa-de-empleo-tecnologico-de-espana\/<\/a><\/td><\/tr><tr><td class=\"has-text-align-left\" data-align=\"left\"><strong>Principales desaf\u00edos<\/strong><\/td><td>Fomentar la innovaci\u00f3n y la atracci\u00f3n del mejor capital humano que se adapte a las necesidades de Tenerife y al desarrollo de sectores estrat\u00e9gicos<br>Impulsar la implantaci\u00f3n y crecimiento de sectores de alto valor a\u00f1adido y empleo tecnol\u00f3gico con base existente: TIC, biomedicina, audiovisual, videojuegos, sector aeroespacial, reparaci\u00f3n naval, renovables y sistema energ\u00eda \u2013 agua.<br>Promover una alianza con la ULL y otros centros investigaci\u00f3n para refuerzo sistema innovaci\u00f3n<\/td><\/tr><tr><td class=\"has-text-align-left\" data-align=\"left\"><strong>Metodolog\u00eda para profundizar en su estudio y soluciones<\/strong><\/td><td>Datos de Cuadro de mando<br>Grupo trabajo interno Foro y estudio espec\u00edfico para benchmarking<\/td><\/tr><tr><td class=\"has-text-align-left\" data-align=\"left\"><strong>Hoja de ruta<\/strong><\/td><td>Elaborar cuadro de mando estad\u00edstico para Tenerife<br>Reuniones grupo de trabajo<br>Estudio<br>Conclusiones<\/td><\/tr><\/tbody><\/table><\/figure>\n","protected":false},"excerpt":{"rendered":"<p>Una isla que se desarrolla con tantas barreras de entrada y obst\u00e1culos naturales necesita de una mayor dosis de innovaci\u00f3n vinculada al emprendimiento y a la diversificaci\u00f3n econ\u00f3mica. La promoci\u00f3n de la cultura de la innovaci\u00f3n debe ser una parte importante de la actividad del Foro potenciando un caldo de cultivo propicio para la libertad [&hellip;]<\/p>\n","protected":false},"author":1,"featured_media":0,"parent":0,"menu_order":0,"comment_status":"closed","ping_status":"closed","template":"","meta":{"_et_pb_use_builder":"off","_et_pb_old_content":"","_et_gb_content_width":"","_themeisle_gutenberg_block_has_review":false,"footnotes":"[{\"id\":\"472e7c4d-579e-4dae-b9d5-c6e2bb5e2a42\",\"content\":\"\"}]"},"class_list":["post-176","page","type-page","status-publish","hentry"],"yoast_head":"<!-- This site is optimized with the Yoast SEO plugin v26.4 - https:\/\/yoast.com\/wordpress\/plugins\/seo\/ -->\n<title>Fomentar la innovaci\u00f3n y la atracci\u00f3n del mejor capital humano y el papel de las Universidades como centros de investigaci\u00f3n y transferencia de conocimiento - Foro por el Progreso de Tenerife<\/title>\n<meta name=\"robots\" content=\"noindex, follow, max-snippet:-1, max-image-preview:large, max-video-preview:-1\" \/>\n<meta property=\"og:locale\" content=\"es_ES\" \/>\n<meta property=\"og:type\" content=\"article\" \/>\n<meta property=\"og:title\" content=\"Fomentar la innovaci\u00f3n y la atracci\u00f3n del mejor capital humano y el papel de las Universidades como centros de investigaci\u00f3n y transferencia de conocimiento - Foro por el Progreso de Tenerife\" \/>\n<meta property=\"og:description\" content=\"Una isla que se desarrolla con tantas barreras de entrada y obst\u00e1culos naturales necesita de una mayor dosis de innovaci\u00f3n vinculada al emprendimiento y a la diversificaci\u00f3n econ\u00f3mica. La promoci\u00f3n de la cultura de la innovaci\u00f3n debe ser una parte importante de la actividad del Foro potenciando un caldo de cultivo propicio para la libertad [&hellip;]\" \/>\n<meta property=\"og:url\" content=\"https:\/\/foroprogresotenerife.org\/index.php\/fomentar-la-innovacion-y-la-atraccion-del-mejor-capital-humano-y-el-papel-de-las-universidades-como-centros-de-investigacion-y-transferencia-de-conocimiento\/\" \/>\n<meta property=\"og:site_name\" content=\"Foro por el Progreso de Tenerife\" \/>\n<meta property=\"article:modified_time\" content=\"2024-03-19T09:06:04+00:00\" \/>\n<meta name=\"twitter:card\" content=\"summary_large_image\" \/>\n<meta name=\"twitter:label1\" content=\"Tiempo de lectura\" \/>\n\t<meta name=\"twitter:data1\" content=\"1 minuto\" \/>\n<script type=\"application\/ld+json\" class=\"yoast-schema-graph\">{\"@context\":\"https:\/\/schema.org\",\"@graph\":[{\"@type\":\"WebPage\",\"@id\":\"https:\/\/foroprogresotenerife.org\/index.php\/fomentar-la-innovacion-y-la-atraccion-del-mejor-capital-humano-y-el-papel-de-las-universidades-como-centros-de-investigacion-y-transferencia-de-conocimiento\/\",\"url\":\"https:\/\/foroprogresotenerife.org\/index.php\/fomentar-la-innovacion-y-la-atraccion-del-mejor-capital-humano-y-el-papel-de-las-universidades-como-centros-de-investigacion-y-transferencia-de-conocimiento\/\",\"name\":\"Fomentar la innovaci\u00f3n y la atracci\u00f3n del mejor capital humano y el papel de las Universidades como centros de investigaci\u00f3n y transferencia de conocimiento - Foro por el Progreso de Tenerife\",\"isPartOf\":{\"@id\":\"https:\/\/foroprogresotenerife.org\/#website\"},\"datePublished\":\"2024-03-18T22:58:12+00:00\",\"dateModified\":\"2024-03-19T09:06:04+00:00\",\"breadcrumb\":{\"@id\":\"https:\/\/foroprogresotenerife.org\/index.php\/fomentar-la-innovacion-y-la-atraccion-del-mejor-capital-humano-y-el-papel-de-las-universidades-como-centros-de-investigacion-y-transferencia-de-conocimiento\/#breadcrumb\"},\"inLanguage\":\"es\",\"potentialAction\":[{\"@type\":\"ReadAction\",\"target\":[\"https:\/\/foroprogresotenerife.org\/index.php\/fomentar-la-innovacion-y-la-atraccion-del-mejor-capital-humano-y-el-papel-de-las-universidades-como-centros-de-investigacion-y-transferencia-de-conocimiento\/\"]}]},{\"@type\":\"BreadcrumbList\",\"@id\":\"https:\/\/foroprogresotenerife.org\/index.php\/fomentar-la-innovacion-y-la-atraccion-del-mejor-capital-humano-y-el-papel-de-las-universidades-como-centros-de-investigacion-y-transferencia-de-conocimiento\/#breadcrumb\",\"itemListElement\":[{\"@type\":\"ListItem\",\"position\":1,\"name\":\"Portada\",\"item\":\"https:\/\/foroprogresotenerife.org\/\"},{\"@type\":\"ListItem\",\"position\":2,\"name\":\"Fomentar la innovaci\u00f3n y la atracci\u00f3n del mejor capital humano y el papel de las Universidades como centros de investigaci\u00f3n y transferencia de conocimiento\"}]},{\"@type\":\"WebSite\",\"@id\":\"https:\/\/foroprogresotenerife.org\/#website\",\"url\":\"https:\/\/foroprogresotenerife.org\/\",\"name\":\"Foro por el Progreso de Tenerife\",\"description\":\"El sector empresarial de Tenerife se une para favorecer el crecimiento de la Isla y reducir los desequilibrios\",\"publisher\":{\"@id\":\"https:\/\/foroprogresotenerife.org\/#organization\"},\"potentialAction\":[{\"@type\":\"SearchAction\",\"target\":{\"@type\":\"EntryPoint\",\"urlTemplate\":\"https:\/\/foroprogresotenerife.org\/?s={search_term_string}\"},\"query-input\":{\"@type\":\"PropertyValueSpecification\",\"valueRequired\":true,\"valueName\":\"search_term_string\"}}],\"inLanguage\":\"es\"},{\"@type\":\"Organization\",\"@id\":\"https:\/\/foroprogresotenerife.org\/#organization\",\"name\":\"Foro por el Progreso de Tenerife\",\"url\":\"https:\/\/foroprogresotenerife.org\/\",\"logo\":{\"@type\":\"ImageObject\",\"inLanguage\":\"es\",\"@id\":\"https:\/\/foroprogresotenerife.org\/#\/schema\/logo\/image\/\",\"url\":\"https:\/\/foroprogresotenerife.org\/wp-content\/uploads\/2024\/03\/cropped-icono.png\",\"contentUrl\":\"https:\/\/foroprogresotenerife.org\/wp-content\/uploads\/2024\/03\/cropped-icono.png\",\"width\":512,\"height\":512,\"caption\":\"Foro por el Progreso de Tenerife\"},\"image\":{\"@id\":\"https:\/\/foroprogresotenerife.org\/#\/schema\/logo\/image\/\"},\"sameAs\":[\"https:\/\/www.linkedin.com\/company\/foro-progreso-tenerife\/\"]}]}<\/script>\n<!-- \/ Yoast SEO plugin. -->","yoast_head_json":{"title":"Fomentar la innovaci\u00f3n y la atracci\u00f3n del mejor capital humano y el papel de las Universidades como centros de investigaci\u00f3n y transferencia de conocimiento - Foro por el Progreso de Tenerife","robots":{"index":"noindex","follow":"follow","max-snippet":"max-snippet:-1","max-image-preview":"max-image-preview:large","max-video-preview":"max-video-preview:-1"},"og_locale":"es_ES","og_type":"article","og_title":"Fomentar la innovaci\u00f3n y la atracci\u00f3n del mejor capital humano y el papel de las Universidades como centros de investigaci\u00f3n y transferencia de conocimiento - Foro por el Progreso de Tenerife","og_description":"Una isla que se desarrolla con tantas barreras de entrada y obst\u00e1culos naturales necesita de una mayor dosis de innovaci\u00f3n vinculada al emprendimiento y a la diversificaci\u00f3n econ\u00f3mica. La promoci\u00f3n de la cultura de la innovaci\u00f3n debe ser una parte importante de la actividad del Foro potenciando un caldo de cultivo propicio para la libertad [&hellip;]","og_url":"https:\/\/foroprogresotenerife.org\/index.php\/fomentar-la-innovacion-y-la-atraccion-del-mejor-capital-humano-y-el-papel-de-las-universidades-como-centros-de-investigacion-y-transferencia-de-conocimiento\/","og_site_name":"Foro por el Progreso de Tenerife","article_modified_time":"2024-03-19T09:06:04+00:00","twitter_card":"summary_large_image","twitter_misc":{"Tiempo de lectura":"1 minuto"},"schema":{"@context":"https:\/\/schema.org","@graph":[{"@type":"WebPage","@id":"https:\/\/foroprogresotenerife.org\/index.php\/fomentar-la-innovacion-y-la-atraccion-del-mejor-capital-humano-y-el-papel-de-las-universidades-como-centros-de-investigacion-y-transferencia-de-conocimiento\/","url":"https:\/\/foroprogresotenerife.org\/index.php\/fomentar-la-innovacion-y-la-atraccion-del-mejor-capital-humano-y-el-papel-de-las-universidades-como-centros-de-investigacion-y-transferencia-de-conocimiento\/","name":"Fomentar la innovaci\u00f3n y la atracci\u00f3n del mejor capital humano y el papel de las Universidades como centros de investigaci\u00f3n y transferencia de conocimiento - Foro por el Progreso de Tenerife","isPartOf":{"@id":"https:\/\/foroprogresotenerife.org\/#website"},"datePublished":"2024-03-18T22:58:12+00:00","dateModified":"2024-03-19T09:06:04+00:00","breadcrumb":{"@id":"https:\/\/foroprogresotenerife.org\/index.php\/fomentar-la-innovacion-y-la-atraccion-del-mejor-capital-humano-y-el-papel-de-las-universidades-como-centros-de-investigacion-y-transferencia-de-conocimiento\/#breadcrumb"},"inLanguage":"es","potentialAction":[{"@type":"ReadAction","target":["https:\/\/foroprogresotenerife.org\/index.php\/fomentar-la-innovacion-y-la-atraccion-del-mejor-capital-humano-y-el-papel-de-las-universidades-como-centros-de-investigacion-y-transferencia-de-conocimiento\/"]}]},{"@type":"BreadcrumbList","@id":"https:\/\/foroprogresotenerife.org\/index.php\/fomentar-la-innovacion-y-la-atraccion-del-mejor-capital-humano-y-el-papel-de-las-universidades-como-centros-de-investigacion-y-transferencia-de-conocimiento\/#breadcrumb","itemListElement":[{"@type":"ListItem","position":1,"name":"Portada","item":"https:\/\/foroprogresotenerife.org\/"},{"@type":"ListItem","position":2,"name":"Fomentar la innovaci\u00f3n y la atracci\u00f3n del mejor capital humano y el papel de las Universidades como centros de investigaci\u00f3n y transferencia de conocimiento"}]},{"@type":"WebSite","@id":"https:\/\/foroprogresotenerife.org\/#website","url":"https:\/\/foroprogresotenerife.org\/","name":"Foro por el Progreso de Tenerife","description":"El sector empresarial de Tenerife se une para favorecer el crecimiento de la Isla y reducir los desequilibrios","publisher":{"@id":"https:\/\/foroprogresotenerife.org\/#organization"},"potentialAction":[{"@type":"SearchAction","target":{"@type":"EntryPoint","urlTemplate":"https:\/\/foroprogresotenerife.org\/?s={search_term_string}"},"query-input":{"@type":"PropertyValueSpecification","valueRequired":true,"valueName":"search_term_string"}}],"inLanguage":"es"},{"@type":"Organization","@id":"https:\/\/foroprogresotenerife.org\/#organization","name":"Foro por el Progreso de Tenerife","url":"https:\/\/foroprogresotenerife.org\/","logo":{"@type":"ImageObject","inLanguage":"es","@id":"https:\/\/foroprogresotenerife.org\/#\/schema\/logo\/image\/","url":"https:\/\/foroprogresotenerife.org\/wp-content\/uploads\/2024\/03\/cropped-icono.png","contentUrl":"https:\/\/foroprogresotenerife.org\/wp-content\/uploads\/2024\/03\/cropped-icono.png","width":512,"height":512,"caption":"Foro por el Progreso de Tenerife"},"image":{"@id":"https:\/\/foroprogresotenerife.org\/#\/schema\/logo\/image\/"},"sameAs":["https:\/\/www.linkedin.com\/company\/foro-progreso-tenerife\/"]}]}},"_links":{"self":[{"href":"https:\/\/foroprogresotenerife.org\/index.php\/wp-json\/wp\/v2\/pages\/176","targetHints":{"allow":["GET"]}}],"collection":[{"href":"https:\/\/foroprogresotenerife.org\/index.php\/wp-json\/wp\/v2\/pages"}],"about":[{"href":"https:\/\/foroprogresotenerife.org\/index.php\/wp-json\/wp\/v2\/types\/page"}],"author":[{"embeddable":true,"href":"https:\/\/foroprogresotenerife.org\/index.php\/wp-json\/wp\/v2\/users\/1"}],"replies":[{"embeddable":true,"href":"https:\/\/foroprogresotenerife.org\/index.php\/wp-json\/wp\/v2\/comments?post=176"}],"version-history":[{"count":4,"href":"https:\/\/foroprogresotenerife.org\/index.php\/wp-json\/wp\/v2\/pages\/176\/revisions"}],"predecessor-version":[{"id":235,"href":"https:\/\/foroprogresotenerife.org\/index.php\/wp-json\/wp\/v2\/pages\/176\/revisions\/235"}],"wp:attachment":[{"href":"https:\/\/foroprogresotenerife.org\/index.php\/wp-json\/wp\/v2\/media?parent=176"}],"curies":[{"name":"wp","href":"https:\/\/api.w.org\/{rel}","templated":true}]}}